{"id":3893,"date":"2025-03-02T23:51:16","date_gmt":"2025-03-02T22:51:16","guid":{"rendered":"https:\/\/reseau-pole.com\/?page_id=3893"},"modified":"2026-03-12T01:26:44","modified_gmt":"2026-03-12T00:26:44","slug":"nous-rejoindre","status":"publish","type":"page","link":"https:\/\/reseau-pole.com\/nous-rejoindre\/","title":{"rendered":"Nous rejoindre"},"content":{"rendered":"\t\t<div data-elementor-type=\"wp-page\" data-elementor-id=\"3893\" class=\"elementor elementor-3893\" data-elementor-post-type=\"page\">\n\t\t\t\t<div class=\"elementor-element elementor-element-347d21c e-flex e-con-boxed e-con e-parent\" data-id=\"347d21c\" data-element_type=\"container\" data-e-type=\"container\">\n\t\t\t\t\t<div class=\"e-con-inner\">\n\t\t\t\t<div class=\"elementor-element elementor-element-47b4f23 elementor-hidden-desktop elementor-hidden-laptop elementor-hidden-tablet_extra elementor-hidden-tablet elementor-hidden-mobile_extra elementor-hidden-mobile elementor-widget elementor-widget-heading\" data-id=\"47b4f23\" data-element_type=\"widget\" data-e-type=\"widget\" data-widget_type=\"heading.default\">\n\t\t\t\t<div class=\"elementor-widget-container\">\n\t\t\t\t\t<h2 class=\"elementor-heading-title elementor-size-default\">Des opportunit\u00e9s dans 64 PME expertes en transport palettis\u00e9.<\/h2>\t\t\t\t<\/div>\n\t\t\t\t<\/div>\n\t\t\t\t\t<\/div>\n\t\t\t\t<\/div>\n\t\t<div class=\"elementor-element elementor-element-ea85ae0 e-flex e-con-boxed e-con e-parent\" data-id=\"ea85ae0\" data-element_type=\"container\" data-e-type=\"container\" data-settings=\"{&quot;background_background&quot;:&quot;classic&quot;}\">\n\t\t\t\t\t<div class=\"e-con-inner\">\n\t\t<div class=\"elementor-element elementor-element-f47ef8c e-con-full e-flex e-con e-child\" data-id=\"f47ef8c\" data-element_type=\"container\" data-e-type=\"container\">\n\t\t\t\t<div class=\"elementor-element elementor-element-c958ff4 lqd-text-tag-h2 elementor-widget elementor-widget-lqd-text\" data-id=\"c958ff4\" data-element_type=\"widget\" data-e-type=\"widget\" data-widget_type=\"lqd-text.default\" data-lqd-has-inner-animatables=\"true\">\n\t\t\t\t<div class=\"elementor-widget-container\">\n\t\t\t\t\t<h2 class=\"lqd-text-el m-0 p-0\" data-lqd-split-text-el=\"1\" data-lqd-split-type=\"chars\"><span class=\"lqd-text-item relative elementor-repeater-item-2d49ad5\"><span class=\"lqd-split-text-words inline-flex bg-inherit relative\"><span class=\"lqd-split-text-chars inline-flex bg-inherit\" data-lqd-inner-animatable-el>N<\/span><span class=\"lqd-split-text-chars inline-flex bg-inherit\" data-lqd-inner-animatable-el>o<\/span><span class=\"lqd-split-text-chars inline-flex bg-inherit\" data-lqd-inner-animatable-el>u<\/span><span class=\"lqd-split-text-chars inline-flex bg-inherit\" data-lqd-inner-animatable-el>s<\/span><\/span>&nbsp;<span class=\"lqd-split-text-words inline-flex bg-inherit relative\"><span class=\"lqd-split-text-chars inline-flex bg-inherit\" data-lqd-inner-animatable-el>r<\/span><span class=\"lqd-split-text-chars inline-flex bg-inherit\" data-lqd-inner-animatable-el>e<\/span><span class=\"lqd-split-text-chars inline-flex bg-inherit\" data-lqd-inner-animatable-el>j<\/span><span class=\"lqd-split-text-chars inline-flex bg-inherit\" data-lqd-inner-animatable-el>o<\/span><span class=\"lqd-split-text-chars inline-flex bg-inherit\" data-lqd-inner-animatable-el>i<\/span><span class=\"lqd-split-text-chars inline-flex bg-inherit\" data-lqd-inner-animatable-el>n<\/span><span class=\"lqd-split-text-chars inline-flex bg-inherit\" data-lqd-inner-animatable-el>d<\/span><span class=\"lqd-split-text-chars inline-flex bg-inherit\" data-lqd-inner-animatable-el>r<\/span><span class=\"lqd-split-text-chars inline-flex bg-inherit\" data-lqd-inner-animatable-el>e<\/span><\/span><\/span><\/h2>\t\t\t\t<\/div>\n\t\t\t\t<\/div>\n\t\t<style>.elementor-element-c958ff4 .lqd-split-text-chars {\n   transform: translate3d(0px,30px,0px) scale(1, 1.5) rotateX(0deg) rotateY(0deg) rotateZ(0deg) skew(0deg, 5deg);\n   opacity: 0;\n}\n<\/style><script>\n\t\twindow.liquid.behaviors.push( {\n\t\t\tdataId: \"c958ff4\",\n\t\t\tbehaviors:[\n\t\t\t\t{behaviorName:'liquidSplitText',options:{splitDoneFromBackend:true,splitType:'chars,words'}},{behaviorName:'liquidGetElementComputedStyles',options:{includeSelf:true,getRect:true,addGhosts:true}},{behaviorName:'liquidAnimations',options:{domain:'inview',trigger:'ghost',duration:0.65,ease:'expo.out',stagger:{each:0.015,from:'start'},delay:0,start:'top+=30px bottom',startElementOffset:0,startViewportOffset:0,animations:[{elements:'selfAnimatables',breakpointsKeyframes:{all:{keyframes:[{scaleX:1,scaleY:1,skewX:0,skewY:0,x:'0px',y:'0px',z:'0px',rotateX:0,rotateY:0,rotateZ:0,opacity:1}]}}}]}},\n\t\t\t]\n\t\t} );\n\t\t\n\t\t<\/script>\t\t<div class=\"elementor-element elementor-element-51e25b7 lqd-text-tag-p elementor-widget elementor-widget-lqd-text\" data-id=\"51e25b7\" data-element_type=\"widget\" data-e-type=\"widget\" data-widget_type=\"lqd-text.default\">\n\t\t\t\t<div class=\"elementor-widget-container\">\n\t\t\t\t\t<p class=\"lqd-text-el m-0 p-0\"><span class=\"lqd-text-item relative elementor-repeater-item-e836d08\">Si vous \u00eates \u00e0 la recherche d'opportunit\u00e9s dans le secteur du transport routier, vous \u00eates au bon endroit. Notre r\u00e9seau se compose de 64 adh\u00e9rents et offre des possibilit\u00e9s de carri\u00e8re passionnantes pour les candidats qualifi\u00e9s.<br><br>\n\n\nComment postuler ?<br>\n\nPour postuler en ligne et rejoindre notre r\u00e9seau de transporteurs routiers, veuillez remplir le formulaire ci-dessous. Nous sommes impatients de vous accueillir dans notre \u00e9quipe dynamique.<\/span><\/p>\t\t\t\t<\/div>\n\t\t\t\t<\/div>\n\t\t<style>.elementor-element-51e25b7 {\n   transform: translate3d(0px,20px,0px) scale(1, 1.5) rotateX(0deg) rotateY(0deg) rotateZ(0deg) skew(0deg, 0deg);\n   opacity: 0;\n}\n<\/style><script>\n\t\twindow.liquid.behaviors.push( {\n\t\t\tdataId: \"51e25b7\",\n\t\t\tbehaviors:[\n\t\t\t\t{behaviorName:'liquidGetElementComputedStyles',options:{includeSelf:true,getRect:true,addGhosts:true}},{behaviorName:'liquidAnimations',options:{domain:'inview',trigger:'ghost',duration:0.65,ease:'expo.out',stagger:{each:0.015,from:'start'},delay:0,start:'top+=30px bottom',startElementOffset:0,startViewportOffset:0,animations:[{elements:'self',breakpointsKeyframes:{all:{keyframes:[{scaleX:1,scaleY:1,skewX:0,skewY:0,x:'0px',y:'0px',z:'0px',rotateX:0,rotateY:0,rotateZ:0,opacity:1}]}}}]}},\n\t\t\t]\n\t\t} );\n\t\t\n\t\t<\/script>\t\t<div class=\"elementor-element elementor-element-92f177c elementor-widget__width-initial elementor-widget elementor-widget-image\" data-id=\"92f177c\" data-element_type=\"widget\" data-e-type=\"widget\" data-widget_type=\"image.default\">\n\t\t\t\t<div class=\"elementor-widget-container\">\n\t\t\t\t\t\t\t\t\t\t\t\t\t\t\t\t<a href=\"https:\/\/rzcrbio.cluster100.hosting.ovh.net\">\n\t\t\t\t\t\t\t<img decoding=\"async\" width=\"359\" height=\"122\" src=\"https:\/\/reseau-pole.com\/wp-content\/uploads\/2025\/01\/NEW-LOGO-POLE-2025.png\" class=\"attachment-full size-full wp-image-3187\" alt=\"\" srcset=\"https:\/\/reseau-pole.com\/wp-content\/uploads\/2025\/01\/NEW-LOGO-POLE-2025.png 359w, https:\/\/reseau-pole.com\/wp-content\/uploads\/2025\/01\/NEW-LOGO-POLE-2025-300x102.png 300w\" sizes=\"(max-width: 359px) 100vw, 359px\" \/>\t\t\t\t\t\t\t\t<\/a>\n\t\t\t\t\t\t\t\t\t\t\t\t\t\t\t<\/div>\n\t\t\t\t<\/div>\n\t\t\t\t<\/div>\n\t\t\t\t<div class=\"elementor-element elementor-element-54e3eca elementor-widget__width-initial elementor-widget-mobile__width-initial elementor-widget elementor-widget-image\" data-id=\"54e3eca\" data-element_type=\"widget\" data-e-type=\"widget\" data-widget_type=\"image.default\">\n\t\t\t\t<div class=\"elementor-widget-container\">\n\t\t\t\t\t\t\t\t\t\t\t\t\t\t\t<img fetchpriority=\"high\" decoding=\"async\" width=\"780\" height=\"390\" src=\"https:\/\/reseau-pole.com\/wp-content\/uploads\/2025\/07\/shutterstock_2358050547L-1024x512.jpg\" class=\"attachment-large size-large wp-image-9333\" alt=\"Camions sur la route\" srcset=\"https:\/\/reseau-pole.com\/wp-content\/uploads\/2025\/07\/shutterstock_2358050547L-1024x512.jpg 1024w, https:\/\/reseau-pole.com\/wp-content\/uploads\/2025\/07\/shutterstock_2358050547L-300x150.jpg 300w, https:\/\/reseau-pole.com\/wp-content\/uploads\/2025\/07\/shutterstock_2358050547L.jpg 1280w\" sizes=\"(max-width: 780px) 100vw, 780px\" \/>\t\t\t\t\t\t\t\t\t\t\t\t\t\t\t<\/div>\n\t\t\t\t<\/div>\n\t\t\t\t\t<\/div>\n\t\t\t\t<\/div>\n\t\t<div class=\"elementor-element elementor-element-6152fda e-flex e-con-boxed e-con e-parent\" data-id=\"6152fda\" data-element_type=\"container\" data-e-type=\"container\">\n\t\t\t\t\t<div class=\"e-con-inner\">\n\t\t\t\t<div class=\"elementor-element elementor-element-b74e7f0 elementor-hidden-desktop elementor-hidden-laptop elementor-hidden-tablet_extra elementor-hidden-tablet elementor-hidden-mobile_extra elementor-hidden-mobile elementor-widget elementor-widget-heading\" data-id=\"b74e7f0\" data-element_type=\"widget\" data-e-type=\"widget\" data-widget_type=\"heading.default\">\n\t\t\t\t<div class=\"elementor-widget-container\">\n\t\t\t\t\t<h2 class=\"elementor-heading-title elementor-size-default\">Rectutement transport et logistique - R\u00e9seau POLE<\/h2>\t\t\t\t<\/div>\n\t\t\t\t<\/div>\n\t\t\t\t\t<\/div>\n\t\t\t\t<\/div>\n\t\t<div class=\"elementor-element elementor-element-fdfbd67 e-flex e-con-boxed e-con e-parent\" data-id=\"fdfbd67\" data-element_type=\"container\" data-e-type=\"container\">\n\t\t\t\t\t<div class=\"e-con-inner\">\n\t\t\t\t<div class=\"elementor-element elementor-element-316c171 elementor-widget elementor-widget-spacer\" data-id=\"316c171\" data-element_type=\"widget\" data-e-type=\"widget\" data-widget_type=\"spacer.default\">\n\t\t\t\t<div class=\"elementor-widget-container\">\n\t\t\t\t\t\t\t<div class=\"elementor-spacer\">\n\t\t\t<div class=\"elementor-spacer-inner\"><\/div>\n\t\t<\/div>\n\t\t\t\t\t\t<\/div>\n\t\t\t\t<\/div>\n\t\t\t\t\t<\/div>\n\t\t\t\t<\/div>\n\t\t<div class=\"elementor-element elementor-element-53f25c6 e-flex e-con-boxed e-con e-parent\" data-id=\"53f25c6\" data-element_type=\"container\" data-e-type=\"container\">\n\t\t\t\t\t<div class=\"e-con-inner\">\n\t\t\t\t<div class=\"elementor-element elementor-element-22a359b elementor-widget elementor-widget-spacer\" data-id=\"22a359b\" data-element_type=\"widget\" data-e-type=\"widget\" data-widget_type=\"spacer.default\">\n\t\t\t\t<div class=\"elementor-widget-container\">\n\t\t\t\t\t\t\t<div class=\"elementor-spacer\">\n\t\t\t<div class=\"elementor-spacer-inner\"><\/div>\n\t\t<\/div>\n\t\t\t\t\t\t<\/div>\n\t\t\t\t<\/div>\n\t\t\t\t\t<\/div>\n\t\t\t\t<\/div>\n\t\t<div class=\"elementor-element elementor-element-8e8e609 e-flex e-con-boxed e-con e-parent\" data-id=\"8e8e609\" data-element_type=\"container\" data-e-type=\"container\" data-settings=\"{&quot;background_background&quot;:&quot;classic&quot;}\">\n\t\t\t\t\t<div class=\"e-con-inner\">\n\t\t\t\t<div class=\"elementor-element elementor-element-de2b912 elementor-button-align-stretch elementor-widget elementor-widget-form\" data-id=\"de2b912\" data-element_type=\"widget\" data-e-type=\"widget\" data-settings=\"{&quot;step_next_label&quot;:&quot;Suivant&quot;,&quot;step_previous_label&quot;:&quot;Pr\\u00e9c\\u00e9dent&quot;,&quot;button_width&quot;:&quot;25&quot;,&quot;step_type&quot;:&quot;number_text&quot;,&quot;step_icon_shape&quot;:&quot;circle&quot;}\" data-widget_type=\"form.default\">\n\t\t\t\t<div class=\"elementor-widget-container\">\n\t\t\t\t\t\t\t<form class=\"elementor-form\" method=\"post\" name=\"Nouveau formulaire\" aria-label=\"Nouveau formulaire\">\n\t\t\t<input type=\"hidden\" name=\"post_id\" value=\"3893\"\/>\n\t\t\t<input type=\"hidden\" name=\"form_id\" value=\"de2b912\"\/>\n\t\t\t<input type=\"hidden\" name=\"referer_title\" value=\"Nous rejoindre Nous rejoindre \u2013 Int\u00e9grez les \u00e9quipes du R\u00e9seau POLE\" \/>\n\n\t\t\t\t\t\t\t<input type=\"hidden\" name=\"queried_id\" value=\"3893\"\/>\n\t\t\t\n\t\t\t<div class=\"elementor-form-fields-wrapper elementor-labels-above\">\n\t\t\t\t\t\t\t\t<div class=\"elementor-field-type-text elementor-field-group elementor-column elementor-field-group-name elementor-col-100 elementor-field-required\">\n\t\t\t\t\t\t\t\t\t\t\t\t<label for=\"form-field-name\" class=\"elementor-field-label\">\n\t\t\t\t\t\t\t\tNom\t\t\t\t\t\t\t<\/label>\n\t\t\t\t\t\t\t\t\t\t\t\t\t\t<input size=\"1\" type=\"text\" name=\"form_fields[name]\" id=\"form-field-name\" class=\"elementor-field elementor-size-sm  elementor-field-textual\" required=\"required\">\n\t\t\t\t\t\t\t\t\t\t\t<\/div>\n\t\t\t\t\t\t\t\t<div class=\"elementor-field-type-tel elementor-field-group elementor-column elementor-field-group-field_5002128 elementor-col-100 elementor-field-required\">\n\t\t\t\t\t\t\t\t\t\t\t\t<label for=\"form-field-field_5002128\" class=\"elementor-field-label\">\n\t\t\t\t\t\t\t\tT\u00e9l\u00e9phone\t\t\t\t\t\t\t<\/label>\n\t\t\t\t\t\t\t\t<input size=\"1\" type=\"tel\" name=\"form_fields[field_5002128]\" id=\"form-field-field_5002128\" class=\"elementor-field elementor-size-sm  elementor-field-textual\" required=\"required\" pattern=\"[0-9()#&amp;+*-=.]+\" title=\"Seuls les caract\u00e8res de num\u00e9ros de t\u00e9l\u00e9phone (#, -, *, etc.) sont accept\u00e9s.\">\n\n\t\t\t\t\t\t<\/div>\n\t\t\t\t\t\t\t\t<div class=\"elementor-field-type-email elementor-field-group elementor-column elementor-field-group-email elementor-col-100 elementor-field-required\">\n\t\t\t\t\t\t\t\t\t\t\t\t<label for=\"form-field-email\" class=\"elementor-field-label\">\n\t\t\t\t\t\t\t\tE-mail\t\t\t\t\t\t\t<\/label>\n\t\t\t\t\t\t\t\t\t\t\t\t\t\t<input size=\"1\" type=\"email\" name=\"form_fields[email]\" id=\"form-field-email\" class=\"elementor-field elementor-size-sm  elementor-field-textual\" required=\"required\">\n\t\t\t\t\t\t\t\t\t\t\t<\/div>\n\t\t\t\t\t\t\t\t<div class=\"elementor-field-type-textarea elementor-field-group elementor-column elementor-field-group-message elementor-col-100 elementor-field-required\">\n\t\t\t\t\t\t\t\t\t\t\t\t<label for=\"form-field-message\" class=\"elementor-field-label\">\n\t\t\t\t\t\t\t\tPoste recherch\u00e9\t\t\t\t\t\t\t<\/label>\n\t\t\t\t\t\t<textarea class=\"elementor-field-textual elementor-field  elementor-size-sm\" name=\"form_fields[message]\" id=\"form-field-message\" rows=\"4\" required=\"required\"><\/textarea>\t\t\t\t<\/div>\n\t\t\t\t\t\t\t\t<div class=\"elementor-field-type-upload elementor-field-group elementor-column elementor-field-group-field_490fad2 elementor-col-100 elementor-field-required\">\n\t\t\t\t\t\t\t\t\t\t\t\t<label for=\"form-field-field_490fad2\" class=\"elementor-field-label\">\n\t\t\t\t\t\t\t\tVotre CV\t\t\t\t\t\t\t<\/label>\n\t\t\t\t\t\t\t\t<input type=\"file\" name=\"form_fields[field_490fad2][]\" id=\"form-field-field_490fad2\" class=\"elementor-field elementor-size-sm  elementor-upload-field\" required=\"required\" multiple=\"multiple\" data-maxsize=\"4\" data-maxsize-message=\"Ce fichier d\u00e9passe la taille maximale autoris\u00e9e.\">\n\n\t\t\t\t\t\t<\/div>\n\t\t\t\t\t\t\t\t<div class=\"elementor-field-type-text elementor-field-group elementor-column elementor-field-group-field_804f75c elementor-col-100\">\n\t\t\t\t\t\t\t\t\t\t\t\t<label for=\"form-field-field_804f75c\" class=\"elementor-field-label\">\n\t\t\t\t\t\t\t\t2 fichiers maximum (pdf ou jpg) . Ne pas d\u00e9passer 4Mo\t\t\t\t\t\t\t<\/label>\n\t\t\t\t\t\t\t\t\t\t\t\t\t\t<input size=\"1\" type=\"text\" name=\"form_fields[field_804f75c]\" id=\"form-field-field_804f75c\" class=\"elementor-field elementor-size-sm  elementor-field-textual\">\n\t\t\t\t\t\t\t\t\t\t\t<\/div>\n\t\t\t\t\t\t\t\t<div class=\"elementor-field-type-checkbox elementor-field-group elementor-column elementor-field-group-field_787decd elementor-col-100\">\n\t\t\t\t\t<div class=\"elementor-field-subgroup  \"><span class=\"elementor-field-option\"><input type=\"checkbox\" value=\"J&#039;accepte la politique de confidentialit\u00e9 du site\" id=\"form-field-field_787decd-0\" name=\"form_fields[field_787decd]\"> <label for=\"form-field-field_787decd-0\">J'accepte la politique de confidentialit\u00e9 du site<\/label><\/span><\/div>\t\t\t\t<\/div>\n\t\t\t\t\t\t\t\t<div class=\"elementor-field-type-recaptcha_v3 elementor-field-group elementor-column elementor-field-group-field_243c0dc elementor-col-100 recaptcha_v3-bottomright\">\n\t\t\t\t\t<div class=\"elementor-field\" id=\"form-field-field_243c0dc\"><div class=\"elementor-g-recaptcha\" data-sitekey=\"6LdU8ckrAAAAAMp_DcJrueNN6AyqjPJX7y_PIJa0\" data-type=\"v3\" data-action=\"Form\" data-badge=\"bottomright\" data-size=\"invisible\"><\/div><\/div>\t\t\t\t<\/div>\n\t\t\t\t\t\t\t\t<div class=\"elementor-field-group elementor-column elementor-field-type-submit elementor-col-25 e-form__buttons\">\n\t\t\t\t\t<button class=\"elementor-button elementor-size-lg\" type=\"submit\">\n\t\t\t\t\t\t<span class=\"elementor-button-content-wrapper\">\n\t\t\t\t\t\t\t\t\t\t\t\t\t\t\t<span class=\"elementor-button-icon\">\n\t\t\t\t\t\t\t\t\t<i aria-hidden=\"true\" class=\"akar-icons ai-send\"><\/i>\t\t\t\t\t\t\t\t\t\t\t\t\t\t\t\t\t<\/span>\n\t\t\t\t\t\t\t\t\t\t\t\t\t\t\t\t\t\t\t\t\t\t<span class=\"elementor-button-text\">Envoyer<\/span>\n\t\t\t\t\t\t\t\t\t\t\t\t\t<\/span>\n\t\t\t\t\t<\/button>\n\t\t\t\t<\/div>\n\t\t\t<\/div>\n\t\t<\/form>\n\t\t\t\t\t\t<\/div>\n\t\t\t\t<\/div>\n\t\t\t\t\t<\/div>\n\t\t\t\t<\/div>\n\t\t<div class=\"elementor-element elementor-element-1036833 e-flex e-con-boxed e-con e-parent\" data-id=\"1036833\" data-element_type=\"container\" data-e-type=\"container\">\n\t\t\t\t\t<div class=\"e-con-inner\">\n\t\t\t\t<div class=\"elementor-element elementor-element-cd1275f elementor-widget elementor-widget-spacer\" data-id=\"cd1275f\" data-element_type=\"widget\" data-e-type=\"widget\" data-widget_type=\"spacer.default\">\n\t\t\t\t<div class=\"elementor-widget-container\">\n\t\t\t\t\t\t\t<div class=\"elementor-spacer\">\n\t\t\t<div class=\"elementor-spacer-inner\"><\/div>\n\t\t<\/div>\n\t\t\t\t\t\t<\/div>\n\t\t\t\t<\/div>\n\t\t\t\t\t<\/div>\n\t\t\t\t<\/div>\n\t\t<div class=\"elementor-element elementor-element-dc8339d e-flex e-con-boxed e-con e-parent\" data-id=\"dc8339d\" data-element_type=\"container\" data-e-type=\"container\">\n\t\t\t\t\t<div class=\"e-con-inner\">\n\t\t\t\t<div class=\"elementor-element elementor-element-96643f0 elementor-widget elementor-widget-spacer\" data-id=\"96643f0\" data-element_type=\"widget\" data-e-type=\"widget\" data-widget_type=\"spacer.default\">\n\t\t\t\t<div class=\"elementor-widget-container\">\n\t\t\t\t\t\t\t<div class=\"elementor-spacer\">\n\t\t\t<div class=\"elementor-spacer-inner\"><\/div>\n\t\t<\/div>\n\t\t\t\t\t\t<\/div>\n\t\t\t\t<\/div>\n\t\t\t\t\t<\/div>\n\t\t\t\t<\/div>\n\t\t\t\t<\/div>\n\t\t","protected":false},"excerpt":{"rendered":"<p>Des opportunit\u00e9s dans 64 PME expertes en transport palettis\u00e9. Nous&nbsp;rejoindre Si vous \u00eates \u00e0 la recherche d&rsquo;opportunit\u00e9s dans le secteur du transport routier, vous \u00eates au bon endroit. Notre r\u00e9seau se compose de 64 adh\u00e9rents et offre des possibilit\u00e9s de carri\u00e8re passionnantes pour les candidats qualifi\u00e9s. Comment postuler ? Pour postuler en ligne et rejoindre [&hellip;]<\/p>\n","protected":false},"author":4,"featured_media":0,"parent":0,"menu_order":0,"comment_status":"closed","ping_status":"closed","template":"elementor_header_footer","meta":{"footnotes":""},"class_list":["post-3893","page","type-page","status-publish","hentry"],"yoast_head":"<!-- This site is optimized with the Yoast SEO plugin v27.3 - https:\/\/yoast.com\/product\/yoast-seo-wordpress\/ -->\n<title>Nous rejoindre Nous rejoindre \u2013 Int\u00e9grez les \u00e9quipes du R\u00e9seau POLE<\/title>\n<meta name=\"description\" content=\"Rejoignez les \u00e9quipes du R\u00e9seau POLE. D\u00e9posez votre candidature pour int\u00e9grer l&#039;une des 64 PME du r\u00e9seau sp\u00e9cialis\u00e9 en transport palettis\u00e9.\" \/>\n<meta name=\"robots\" content=\"index, follow, max-snippet:-1, max-image-preview:large, max-video-preview:-1\" \/>\n<link rel=\"canonical\" href=\"https:\/\/reseau-pole.com\/nous-rejoindre\/\" \/>\n<meta property=\"og:locale\" content=\"fr_FR\" \/>\n<meta property=\"og:type\" content=\"article\" \/>\n<meta property=\"og:title\" content=\"Nous rejoindre Nous rejoindre \u2013 Int\u00e9grez les \u00e9quipes du R\u00e9seau POLE\" \/>\n<meta property=\"og:description\" content=\"Rejoignez les \u00e9quipes du R\u00e9seau POLE. D\u00e9posez votre candidature pour int\u00e9grer l&#039;une des 64 PME du r\u00e9seau sp\u00e9cialis\u00e9 en transport palettis\u00e9.\" \/>\n<meta property=\"og:url\" content=\"https:\/\/reseau-pole.com\/nous-rejoindre\/\" \/>\n<meta property=\"og:site_name\" content=\"R\u00e9seau POLE\" \/>\n<meta property=\"article:modified_time\" content=\"2026-03-12T00:26:44+00:00\" \/>\n<meta property=\"og:image\" content=\"https:\/\/reseau-pole.com\/wp-content\/uploads\/2025\/01\/NEW-LOGO-POLE-2025.png\" \/>\n<meta name=\"twitter:card\" content=\"summary_large_image\" \/>\n<meta name=\"twitter:label1\" content=\"Dur\u00e9e de lecture estim\u00e9e\" \/>\n\t<meta name=\"twitter:data1\" content=\"2 minutes\" \/>\n<script type=\"application\/ld+json\" class=\"yoast-schema-graph\">{\"@context\":\"https:\\\/\\\/schema.org\",\"@graph\":[{\"@type\":\"WebPage\",\"@id\":\"https:\\\/\\\/reseau-pole.com\\\/nous-rejoindre\\\/\",\"url\":\"https:\\\/\\\/reseau-pole.com\\\/nous-rejoindre\\\/\",\"name\":\"Nous rejoindre Nous rejoindre \u2013 Int\u00e9grez les \u00e9quipes du R\u00e9seau POLE\",\"isPartOf\":{\"@id\":\"https:\\\/\\\/reseau-pole.com\\\/#website\"},\"primaryImageOfPage\":{\"@id\":\"https:\\\/\\\/reseau-pole.com\\\/nous-rejoindre\\\/#primaryimage\"},\"image\":{\"@id\":\"https:\\\/\\\/reseau-pole.com\\\/nous-rejoindre\\\/#primaryimage\"},\"thumbnailUrl\":\"https:\\\/\\\/reseau-pole.com\\\/wp-content\\\/uploads\\\/2025\\\/01\\\/NEW-LOGO-POLE-2025.png\",\"datePublished\":\"2025-03-02T22:51:16+00:00\",\"dateModified\":\"2026-03-12T00:26:44+00:00\",\"description\":\"Rejoignez les \u00e9quipes du R\u00e9seau POLE. D\u00e9posez votre candidature pour int\u00e9grer l'une des 64 PME du r\u00e9seau sp\u00e9cialis\u00e9 en transport palettis\u00e9.\",\"breadcrumb\":{\"@id\":\"https:\\\/\\\/reseau-pole.com\\\/nous-rejoindre\\\/#breadcrumb\"},\"inLanguage\":\"fr-FR\",\"potentialAction\":[{\"@type\":\"ReadAction\",\"target\":[\"https:\\\/\\\/reseau-pole.com\\\/nous-rejoindre\\\/\"]}]},{\"@type\":\"ImageObject\",\"inLanguage\":\"fr-FR\",\"@id\":\"https:\\\/\\\/reseau-pole.com\\\/nous-rejoindre\\\/#primaryimage\",\"url\":\"https:\\\/\\\/reseau-pole.com\\\/wp-content\\\/uploads\\\/2025\\\/01\\\/NEW-LOGO-POLE-2025.png\",\"contentUrl\":\"https:\\\/\\\/reseau-pole.com\\\/wp-content\\\/uploads\\\/2025\\\/01\\\/NEW-LOGO-POLE-2025.png\",\"width\":359,\"height\":122},{\"@type\":\"BreadcrumbList\",\"@id\":\"https:\\\/\\\/reseau-pole.com\\\/nous-rejoindre\\\/#breadcrumb\",\"itemListElement\":[{\"@type\":\"ListItem\",\"position\":1,\"name\":\"Accueil\",\"item\":\"https:\\\/\\\/reseau-pole.com\\\/\"},{\"@type\":\"ListItem\",\"position\":2,\"name\":\"Nous rejoindre\"}]},{\"@type\":\"WebSite\",\"@id\":\"https:\\\/\\\/reseau-pole.com\\\/#website\",\"url\":\"https:\\\/\\\/reseau-pole.com\\\/\",\"name\":\"R\u00e9seau POLE\",\"description\":\"Transport de fret palettis\u00e9\",\"potentialAction\":[{\"@type\":\"SearchAction\",\"target\":{\"@type\":\"EntryPoint\",\"urlTemplate\":\"https:\\\/\\\/reseau-pole.com\\\/?s={search_term_string}\"},\"query-input\":{\"@type\":\"PropertyValueSpecification\",\"valueRequired\":true,\"valueName\":\"search_term_string\"}}],\"inLanguage\":\"fr-FR\"}]}<\/script>\n<!-- \/ Yoast SEO plugin. -->","yoast_head_json":{"title":"Nous rejoindre Nous rejoindre \u2013 Int\u00e9grez les \u00e9quipes du R\u00e9seau POLE","description":"Rejoignez les \u00e9quipes du R\u00e9seau POLE. D\u00e9posez votre candidature pour int\u00e9grer l'une des 64 PME du r\u00e9seau sp\u00e9cialis\u00e9 en transport palettis\u00e9.","robots":{"index":"index","follow":"follow","max-snippet":"max-snippet:-1","max-image-preview":"max-image-preview:large","max-video-preview":"max-video-preview:-1"},"canonical":"https:\/\/reseau-pole.com\/nous-rejoindre\/","og_locale":"fr_FR","og_type":"article","og_title":"Nous rejoindre Nous rejoindre \u2013 Int\u00e9grez les \u00e9quipes du R\u00e9seau POLE","og_description":"Rejoignez les \u00e9quipes du R\u00e9seau POLE. D\u00e9posez votre candidature pour int\u00e9grer l'une des 64 PME du r\u00e9seau sp\u00e9cialis\u00e9 en transport palettis\u00e9.","og_url":"https:\/\/reseau-pole.com\/nous-rejoindre\/","og_site_name":"R\u00e9seau POLE","article_modified_time":"2026-03-12T00:26:44+00:00","og_image":[{"url":"https:\/\/reseau-pole.com\/wp-content\/uploads\/2025\/01\/NEW-LOGO-POLE-2025.png","type":"","width":"","height":""}],"twitter_card":"summary_large_image","twitter_misc":{"Dur\u00e9e de lecture estim\u00e9e":"2 minutes"},"schema":{"@context":"https:\/\/schema.org","@graph":[{"@type":"WebPage","@id":"https:\/\/reseau-pole.com\/nous-rejoindre\/","url":"https:\/\/reseau-pole.com\/nous-rejoindre\/","name":"Nous rejoindre Nous rejoindre \u2013 Int\u00e9grez les \u00e9quipes du R\u00e9seau POLE","isPartOf":{"@id":"https:\/\/reseau-pole.com\/#website"},"primaryImageOfPage":{"@id":"https:\/\/reseau-pole.com\/nous-rejoindre\/#primaryimage"},"image":{"@id":"https:\/\/reseau-pole.com\/nous-rejoindre\/#primaryimage"},"thumbnailUrl":"https:\/\/reseau-pole.com\/wp-content\/uploads\/2025\/01\/NEW-LOGO-POLE-2025.png","datePublished":"2025-03-02T22:51:16+00:00","dateModified":"2026-03-12T00:26:44+00:00","description":"Rejoignez les \u00e9quipes du R\u00e9seau POLE. D\u00e9posez votre candidature pour int\u00e9grer l'une des 64 PME du r\u00e9seau sp\u00e9cialis\u00e9 en transport palettis\u00e9.","breadcrumb":{"@id":"https:\/\/reseau-pole.com\/nous-rejoindre\/#breadcrumb"},"inLanguage":"fr-FR","potentialAction":[{"@type":"ReadAction","target":["https:\/\/reseau-pole.com\/nous-rejoindre\/"]}]},{"@type":"ImageObject","inLanguage":"fr-FR","@id":"https:\/\/reseau-pole.com\/nous-rejoindre\/#primaryimage","url":"https:\/\/reseau-pole.com\/wp-content\/uploads\/2025\/01\/NEW-LOGO-POLE-2025.png","contentUrl":"https:\/\/reseau-pole.com\/wp-content\/uploads\/2025\/01\/NEW-LOGO-POLE-2025.png","width":359,"height":122},{"@type":"BreadcrumbList","@id":"https:\/\/reseau-pole.com\/nous-rejoindre\/#breadcrumb","itemListElement":[{"@type":"ListItem","position":1,"name":"Accueil","item":"https:\/\/reseau-pole.com\/"},{"@type":"ListItem","position":2,"name":"Nous rejoindre"}]},{"@type":"WebSite","@id":"https:\/\/reseau-pole.com\/#website","url":"https:\/\/reseau-pole.com\/","name":"R\u00e9seau POLE","description":"Transport de fret palettis\u00e9","potentialAction":[{"@type":"SearchAction","target":{"@type":"EntryPoint","urlTemplate":"https:\/\/reseau-pole.com\/?s={search_term_string}"},"query-input":{"@type":"PropertyValueSpecification","valueRequired":true,"valueName":"search_term_string"}}],"inLanguage":"fr-FR"}]}},"_links":{"self":[{"href":"https:\/\/reseau-pole.com\/wp-json\/wp\/v2\/pages\/3893","targetHints":{"allow":["GET"]}}],"collection":[{"href":"https:\/\/reseau-pole.com\/wp-json\/wp\/v2\/pages"}],"about":[{"href":"https:\/\/reseau-pole.com\/wp-json\/wp\/v2\/types\/page"}],"author":[{"embeddable":true,"href":"https:\/\/reseau-pole.com\/wp-json\/wp\/v2\/users\/4"}],"replies":[{"embeddable":true,"href":"https:\/\/reseau-pole.com\/wp-json\/wp\/v2\/comments?post=3893"}],"version-history":[{"count":0,"href":"https:\/\/reseau-pole.com\/wp-json\/wp\/v2\/pages\/3893\/revisions"}],"wp:attachment":[{"href":"https:\/\/reseau-pole.com\/wp-json\/wp\/v2\/media?parent=3893"}],"curies":[{"name":"wp","href":"https:\/\/api.w.org\/{rel}","templated":true}]}}