{"id":13497,"date":"2025-12-24T08:51:04","date_gmt":"2025-12-24T07:51:04","guid":{"rendered":"https:\/\/reseau-pole.com\/?page_id=13497"},"modified":"2026-01-01T19:35:46","modified_gmt":"2026-01-01T18:35:46","slug":"mentions-legales","status":"publish","type":"page","link":"https:\/\/reseau-pole.com\/mentions-legales\/","title":{"rendered":"Mentions l\u00e9gales"},"content":{"rendered":"\t\t<div data-elementor-type=\"wp-page\" data-elementor-id=\"13497\" class=\"elementor elementor-13497\" data-elementor-post-type=\"page\">\n\t\t\t\t<div class=\"elementor-element elementor-element-ea85ae0 e-flex e-con-boxed e-con e-parent\" data-id=\"ea85ae0\" data-element_type=\"container\" data-e-type=\"container\" data-settings=\"{&quot;background_background&quot;:&quot;classic&quot;}\">\n\t\t\t\t\t<div class=\"e-con-inner\">\n\t\t<div class=\"elementor-element elementor-element-f47ef8c e-con-full e-flex e-con e-child\" data-id=\"f47ef8c\" data-element_type=\"container\" data-e-type=\"container\">\n\t\t\t\t<div class=\"elementor-element elementor-element-e988c57 lqd-text-tag-h2 elementor-widget elementor-widget-lqd-text\" data-id=\"e988c57\" data-element_type=\"widget\" data-e-type=\"widget\" data-widget_type=\"lqd-text.default\">\n\t\t\t\t<div class=\"elementor-widget-container\">\n\t\t\t\t\t<h2 class=\"lqd-text-el m-0 p-0\"><span class=\"lqd-text-item relative elementor-repeater-item-e836d08\">MENTIONS LEGALES<\/span><\/h2>\t\t\t\t<\/div>\n\t\t\t\t<\/div>\n\t\t<style>.elementor-element-e988c57 {\n   transform: translate3d(0px,20px,0px) scale(1, 1.5) rotateX(0deg) rotateY(0deg) rotateZ(0deg) skew(0deg, 0deg);\n   opacity: 0;\n}\n<\/style><script>\n\t\twindow.liquid.behaviors.push( {\n\t\t\tdataId: \"e988c57\",\n\t\t\tbehaviors:[\n\t\t\t\t{behaviorName:'liquidGetElementComputedStyles',options:{includeSelf:true,getRect:true,addGhosts:true}},{behaviorName:'liquidAnimations',options:{domain:'inview',trigger:'ghost',duration:0.65,ease:'expo.out',stagger:{each:0.015,from:'start'},delay:0,start:'top+=30px bottom',startElementOffset:0,startViewportOffset:0,animations:[{elements:'self',breakpointsKeyframes:{all:{keyframes:[{scaleX:1,scaleY:1,skewX:0,skewY:0,x:'0px',y:'0px',z:'0px',rotateX:0,rotateY:0,rotateZ:0,opacity:1}]}}}]}},\n\t\t\t]\n\t\t} );\n\t\t\n\t\t<\/script>\t\t<\/div>\n\t\t\t\t\t<\/div>\n\t\t\t\t<\/div>\n\t\t<div class=\"elementor-element elementor-element-ce9b667 e-flex e-con-boxed e-con e-parent\" data-id=\"ce9b667\" data-element_type=\"container\" data-e-type=\"container\">\n\t\t\t\t\t<div class=\"e-con-inner\">\n\t\t\t\t<div class=\"elementor-element elementor-element-3b18226 elementor-widget elementor-widget-text-editor\" data-id=\"3b18226\" data-element_type=\"widget\" data-e-type=\"widget\" data-widget_type=\"text-editor.default\">\n\t\t\t\t<div class=\"elementor-widget-container\">\n\t\t\t\t\t\t\t\t\t<p><strong>Identification<\/strong><\/p><p>Directeur de la publication : POLE FRANCE <br \/>Email :\u00a0<a href=\"mailto:service.administratif@groupe-pole.com\">service.administratif@groupe-pole.com<\/a><br \/>Adresse : 4, rue Lugano &#8211; 68180 Horbourg Wihr<br \/>T\u00e9l. : +33 (0)6 65 69 71 09<\/p><p>Forme juridique : Soci\u00e9t\u00e9 par actions simplifi\u00e9e<br \/>Raison sociale : P.O.L.E. FRANCE<br \/>Immatriculation : 511 893 745 R.C.S. Colmar<\/p><p>H\u00e9bergement OVH SAS : 2 rue Kellermann \u2013 BP 80157 59053 ROUBAIX CEDEX<br \/><span class=\"s1\">Webdesign UI UX :\u00a0<a href=\"https:\/\/eliesuzan.com\/\"><span class=\"s2\">eliesuzan.com<\/span><\/a><br \/><\/span>Cr\u00e9dits photos et vid\u00e9os : <a href=\"https:\/\/eliesuzan.com\">eliesuzan.com<\/a> \u2013 Fabien Garnichat &#8211; Shutterstock<\/p><p>L\u2019utilisateur du site Internet <a href=\"https:\/\/reseau-pole.com\">reseau-pole.com<\/a> reconna\u00eet disposer de la comp\u00e9tence et des moyens n\u00e9cessaires pour\u00a0 utiliser ce site. Il reconna\u00eet \u00e9galement avoir pris connaissance de la pr\u00e9sente notice l\u00e9gale et s\u2019engage \u00e0 la respecter.<\/p><p><strong>Utilisation des Cookies<\/strong><\/p><p>L\u2019utilisateur est inform\u00e9 que lors de ses visites sur le site, un cookie peut s\u2019installer automatiquement sur son logiciel de navigation. Un cookie est un \u00e9l\u00e9ment qui ne permet pas d\u2019identifier l\u2019utilisateur mais sert \u00e0 enregistrer des informations relatives \u00e0 la navigation de celui-ci sur le site <a href=\"https:\/\/reseau-pole.com\">reseau-pole.com<\/a>. L\u2019utilisateur pourra d\u00e9sactiver ce cookie par l\u2019interm\u00e9diaire des param\u00e8tres figurant au sein de son logiciel de navigation.<br \/>Des informations non personnelles sont enregistr\u00e9es par un syst\u00e8me de cookies (fichiers texte utilis\u00e9s pour reconna\u00eetre un utilisateur et ainsi faciliter son utilisation du site). Ceux-ci n\u2019ont aucune signification en dehors de leur utilisation sur le site <a href=\"https:\/\/reseau-pole.com\">reseau-pole.com<\/a><\/p><p><strong>Propri\u00e9t\u00e9 intellectuelle<\/strong><\/p><p>La structure g\u00e9n\u00e9rale du site <a href=\"https:\/\/reseau-pole.com\">reseau-pole.com<\/a> et l\u2019ensemble des contenus diffus\u00e9s sur ce site (images, articles, photographies, logos, marques, textes\u2026), y incluant sa newsletter, sont prot\u00e9g\u00e9s par la l\u00e9gislation en vigueur en France en mati\u00e8re de propri\u00e9t\u00e9 intellectuelle, et notamment le droit d\u2019auteur, les droits voisins, le droit des marques, le droit \u00e0 l\u2019image, \u2026 et par la l\u00e9gislation internationale.<\/p><p>Les pr\u00e9sentes Conditions G\u00e9n\u00e9rales d\u2019Utilisation n\u2019entra\u00eenent le transfert d\u2019aucun droit de propri\u00e9t\u00e9 intellectuelle \u00e0 l\u2019utilisateur, y compris dans le cadre du service d\u2019\u00e9dition \u00e9lectronique de <a href=\"https:\/\/reseau-pole.com\">reseau-pole.com<\/a> \u00a0 \u00a0 \u00a0 \u00a0 \u00a0 \u00a0.<\/p><p>Tous les droits de reproduction sont r\u00e9serv\u00e9s, y compris pour les textes, les documents t\u00e9l\u00e9chargeables, les repr\u00e9sentations iconographiques et photographiques.<\/p><p>A ce titre, \u00e0 d\u00e9faut d\u2019autorisation expresse de POLE FRANCE, il est strictement interdit d\u2019exploiter les contenus du site <a href=\"https:\/\/reseau-pole.com\">reseau-pole.com<\/a> ou de l\u2019\u00e9dition \u00e9lectronique de <a href=\"https:\/\/reseau-pole.com\">reseau-pole.com<\/a> et notamment de les reproduire, repr\u00e9senter, modifier ou adapter en tout ou partie.<\/p><p>L\u2019utilisateur du service d\u2019\u00e9dition \u00e9lectronique de\u00a0 <a href=\"https:\/\/reseau-pole.com\">reseau-pole.com<\/a> s\u2019interdit notamment toute reproduction faite \u00e0 des fins de revue de presse et\/ou de panorama de presse, sauf accord express autorisant une telle utilisation.<\/p><p>En cons\u00e9quence, \u00e0 l\u2019exception de la seule reproduction n\u00e9cessaire \u00e0 la consultation ou au t\u00e9l\u00e9chargement de l\u2019\u00e9dition \u00e9lectronique de <a href=\"https:\/\/reseau-pole.com\">reseau-pole.com<\/a> par l\u2019utilisateur, et ce \u00e0 des fins strictement personnelles, la reproduction et la repr\u00e9sentation, int\u00e9grale ou partielle, des pages ou de tout autre contenu du site <a href=\"https:\/\/reseau-pole.com\">reseau-pole.com<\/a> par quelque proc\u00e9d\u00e9 ou support que ce soit, constituent une contrefa\u00e7on.<\/p><p>Les liens hypertextes mis en place dans le cadre du site Internet en direction d\u2019autres ressources pr\u00e9sentes sur le r\u00e9seau de l\u2019Internet, et notamment vers ses partenaires ont fait l\u2019objet d\u2019une autorisation pr\u00e9alable expresse et \u00e9crite.<\/p><p>Les utilisateurs visiteurs du site Internet ne peuvent mettre en place un hyperlien en direction de ces sites sans l\u2019autorisation expresse et pr\u00e9alable de l\u2019exploitant du site Internet.<\/p><p>Le pr\u00e9sent site est la propri\u00e9t\u00e9 de POLE FRANCE, \u00e9tablissement situ\u00e9 4, rue Lugano &#8211; 68180 Horbourg Wihr;<\/p><p><strong>Responsabilit\u00e9<\/strong><\/p><p>Le site \u00a0 <a href=\"https:\/\/reseau-pole.com\">reseau-pole.com<\/a> est un site informatif \u00e0 but commercial. Il n\u2019emporte en soi aucun engagement juridique ni accord contractuel de la part de POLE FRANCE qui se r\u00e9serve par ailleurs le droit de modifier, \u00e0 sa convenance, les caract\u00e9ristiques des informations et services pr\u00e9sent\u00e9s. L\u2019acc\u00e8s aux informations pr\u00e9sent\u00e9s sur le site <a href=\"https:\/\/reseau-pole.com\">reseau-pole.com<\/a> peut faire l\u2019objet de restrictions \u00e0 l\u2019\u00e9gard de certaines personnes, soci\u00e9t\u00e9s ou dans certains pays. POLE FRANCE met tout en \u0153uvre pour offrir aux internautes des outils disponibles et des informations fiables. Toutefois, POLE FRANCE ne saurait garantir aux internautes l\u2019exactitude, la compl\u00e9tude, l\u2019actualisation en temps r\u00e9el des informations fournies et la disponibilit\u00e9 de son site internet ou de sa Newsletter. Il appartient \u00e0 chaque utilisateur de prendre toutes les mesures appropri\u00e9es de fa\u00e7on \u00e0 prot\u00e9ger ses propres donn\u00e9es et\/ou logiciels de la contamination d\u2019\u00e9ventuels virus circulant sur internet. En cons\u00e9quence, la responsabilit\u00e9 de POLE FRANCE ne pourra en aucun cas \u00eatre engag\u00e9e du fait de l\u2019utilisation des informations fournies et\/ou des outils mis \u00e0 disposition sur ce site. Enfin, la responsabilit\u00e9 de POLE FRANCE ne saurait \u00eatre engag\u00e9e en cas de difficult\u00e9 li\u00e9e \u00e0 la connexion, \u00e0 l\u2019inscription, ces services d\u00e9pendant enti\u00e8rement du fournisseur d\u2019acc\u00e8s \u00e0 Internet de l\u2019utilisateur et non de POLE FRANCE.\u00a0\u00a0\u00a0\u00a0\u00a0\u00a0\u00a0\u00a0\u00a0\u00a0\u00a0\u00a0\u00a0\u00a0\u00a0\u00a0\u00a0\u00a0\u00a0\u00a0\u00a0 .<\/p><p>La responsabilit\u00e9 de POLE FRANCE ne saurait \u00eatre engag\u00e9e dans les cas suivants :<\/p><p>&#8211; Difficult\u00e9s de fonctionnement ou interruption de ses services ind\u00e9pendamment de la volont\u00e9 de POLE FRANCE\u00a0 ;<br \/>&#8211; Interruptions momentan\u00e9es des services ou du site <a href=\"https:\/\/reseau-pole.com\">reseau-pole.com<\/a>\u00a0\u00e0 leur \u00e9volution, maintenance ou mise \u00e0 jour ;<br \/>&#8211; D\u00e9faillances ou dysfonctionnements du r\u00e9seau internet dans la transmission de donn\u00e9es, messages ou documents.<\/p><p><strong>Loi applicable<\/strong><\/p><p>Les pr\u00e9sentes Conditions G\u00e9n\u00e9rales d\u2019Utilisation sont soumises au droit fran\u00e7ais.<br \/>En cas de litige relatif \u00e0 l\u2019interpr\u00e9tation, l\u2019ex\u00e9cution ou la r\u00e9siliation des pr\u00e9sentes, les Tribunaux de Colmar seront seuls comp\u00e9tents.<\/p><p><strong>Politique de confidentialit\u00e9 (RGPD)<\/strong><\/p><p>Nous nous engageons \u00e0 vous offrir un droit d\u2019opposition, de retrait et d\u2019acc\u00e8s\u00a0 quant \u00e0 vos renseignements personnels.<\/p><p>Le droit d\u2019opposition s\u2019entend comme \u00e9tant la possibilit\u00e9 offerte aux internautes de refuser que leurs renseignements personnels soient utilis\u00e9es \u00e0 certaines fins mentionn\u00e9es lors de la collecte. Le droit de retrait s\u2019entend comme \u00e9tant la possibilit\u00e9 offerte aux internautes de demander \u00e0 ce que leurs renseignements personnels ne figurent plus, par exemple, dans une liste de diffusion. Pour pouvoir exercer ces droits, consultez la politique de confidentialit\u00e9 RGPD en cliquant sur le lien suivant : <a href=\"https:\/\/reseau-pole.com\/index.php\/politique-de-confidentialite\/\"><u>Politique de confidentialit\u00e9 du site<\/u><\/a><\/p>\t\t\t\t\t\t\t\t<\/div>\n\t\t\t\t<\/div>\n\t\t\t\t\t<\/div>\n\t\t\t\t<\/div>\n\t\t\t\t<\/div>\n\t\t","protected":false},"excerpt":{"rendered":"<p>MENTIONS LEGALES Identification Directeur de la publication : POLE FRANCE Email :\u00a0service.administratif@groupe-pole.comAdresse : 4, rue Lugano &#8211; 68180 Horbourg WihrT\u00e9l. : +33 (0)6 65 69 71 09 Forme juridique : Soci\u00e9t\u00e9 par actions simplifi\u00e9eRaison sociale : P.O.L.E. FRANCEImmatriculation : 511 893 745 R.C.S. Colmar H\u00e9bergement OVH SAS : 2 rue Kellermann \u2013 BP 80157 59053 [&hellip;]<\/p>\n","protected":false},"author":4,"featured_media":0,"parent":0,"menu_order":0,"comment_status":"closed","ping_status":"closed","template":"elementor_header_footer","meta":{"footnotes":""},"class_list":["post-13497","page","type-page","status-publish","hentry"],"yoast_head":"<!-- This site is optimized with the Yoast SEO plugin v27.4 - https:\/\/yoast.com\/product\/yoast-seo-wordpress\/ -->\n<title>Mentions l\u00e9gales - R\u00e9seau POLE<\/title>\n<meta name=\"robots\" content=\"index, follow, max-snippet:-1, max-image-preview:large, max-video-preview:-1\" \/>\n<link rel=\"canonical\" href=\"https:\/\/reseau-pole.com\/mentions-legales\/\" \/>\n<meta property=\"og:locale\" content=\"fr_FR\" \/>\n<meta property=\"og:type\" content=\"article\" \/>\n<meta property=\"og:title\" content=\"Mentions l\u00e9gales - R\u00e9seau POLE\" \/>\n<meta property=\"og:description\" content=\"MENTIONS LEGALES Identification Directeur de la publication : POLE FRANCE Email :\u00a0service.administratif@groupe-pole.comAdresse : 4, rue Lugano &#8211; 68180 Horbourg WihrT\u00e9l. : +33 (0)6 65 69 71 09 Forme juridique : Soci\u00e9t\u00e9 par actions simplifi\u00e9eRaison sociale : P.O.L.E. FRANCEImmatriculation : 511 893 745 R.C.S. Colmar H\u00e9bergement OVH SAS : 2 rue Kellermann \u2013 BP 80157 59053 [&hellip;]\" \/>\n<meta property=\"og:url\" content=\"https:\/\/reseau-pole.com\/mentions-legales\/\" \/>\n<meta property=\"og:site_name\" content=\"R\u00e9seau POLE\" \/>\n<meta property=\"article:modified_time\" content=\"2026-01-01T18:35:46+00:00\" \/>\n<meta name=\"twitter:card\" content=\"summary_large_image\" \/>\n<meta name=\"twitter:label1\" content=\"Dur\u00e9e de lecture estim\u00e9e\" \/>\n\t<meta name=\"twitter:data1\" content=\"5 minutes\" \/>\n<script type=\"application\/ld+json\" class=\"yoast-schema-graph\">{\"@context\":\"https:\\\/\\\/schema.org\",\"@graph\":[{\"@type\":\"WebPage\",\"@id\":\"https:\\\/\\\/reseau-pole.com\\\/mentions-legales\\\/\",\"url\":\"https:\\\/\\\/reseau-pole.com\\\/mentions-legales\\\/\",\"name\":\"Mentions l\u00e9gales - R\u00e9seau POLE\",\"isPartOf\":{\"@id\":\"https:\\\/\\\/reseau-pole.com\\\/#website\"},\"datePublished\":\"2025-12-24T07:51:04+00:00\",\"dateModified\":\"2026-01-01T18:35:46+00:00\",\"breadcrumb\":{\"@id\":\"https:\\\/\\\/reseau-pole.com\\\/mentions-legales\\\/#breadcrumb\"},\"inLanguage\":\"fr-FR\",\"potentialAction\":[{\"@type\":\"ReadAction\",\"target\":[\"https:\\\/\\\/reseau-pole.com\\\/mentions-legales\\\/\"]}]},{\"@type\":\"BreadcrumbList\",\"@id\":\"https:\\\/\\\/reseau-pole.com\\\/mentions-legales\\\/#breadcrumb\",\"itemListElement\":[{\"@type\":\"ListItem\",\"position\":1,\"name\":\"Accueil\",\"item\":\"https:\\\/\\\/reseau-pole.com\\\/\"},{\"@type\":\"ListItem\",\"position\":2,\"name\":\"Mentions l\u00e9gales\"}]},{\"@type\":\"WebSite\",\"@id\":\"https:\\\/\\\/reseau-pole.com\\\/#website\",\"url\":\"https:\\\/\\\/reseau-pole.com\\\/\",\"name\":\"R\u00e9seau POLE\",\"description\":\"Transport de fret palettis\u00e9\",\"potentialAction\":[{\"@type\":\"SearchAction\",\"target\":{\"@type\":\"EntryPoint\",\"urlTemplate\":\"https:\\\/\\\/reseau-pole.com\\\/?s={search_term_string}\"},\"query-input\":{\"@type\":\"PropertyValueSpecification\",\"valueRequired\":true,\"valueName\":\"search_term_string\"}}],\"inLanguage\":\"fr-FR\"}]}<\/script>\n<!-- \/ Yoast SEO plugin. -->","yoast_head_json":{"title":"Mentions l\u00e9gales - R\u00e9seau POLE","robots":{"index":"index","follow":"follow","max-snippet":"max-snippet:-1","max-image-preview":"max-image-preview:large","max-video-preview":"max-video-preview:-1"},"canonical":"https:\/\/reseau-pole.com\/mentions-legales\/","og_locale":"fr_FR","og_type":"article","og_title":"Mentions l\u00e9gales - R\u00e9seau POLE","og_description":"MENTIONS LEGALES Identification Directeur de la publication : POLE FRANCE Email :\u00a0service.administratif@groupe-pole.comAdresse : 4, rue Lugano &#8211; 68180 Horbourg WihrT\u00e9l. : +33 (0)6 65 69 71 09 Forme juridique : Soci\u00e9t\u00e9 par actions simplifi\u00e9eRaison sociale : P.O.L.E. FRANCEImmatriculation : 511 893 745 R.C.S. Colmar H\u00e9bergement OVH SAS : 2 rue Kellermann \u2013 BP 80157 59053 [&hellip;]","og_url":"https:\/\/reseau-pole.com\/mentions-legales\/","og_site_name":"R\u00e9seau POLE","article_modified_time":"2026-01-01T18:35:46+00:00","twitter_card":"summary_large_image","twitter_misc":{"Dur\u00e9e de lecture estim\u00e9e":"5 minutes"},"schema":{"@context":"https:\/\/schema.org","@graph":[{"@type":"WebPage","@id":"https:\/\/reseau-pole.com\/mentions-legales\/","url":"https:\/\/reseau-pole.com\/mentions-legales\/","name":"Mentions l\u00e9gales - R\u00e9seau POLE","isPartOf":{"@id":"https:\/\/reseau-pole.com\/#website"},"datePublished":"2025-12-24T07:51:04+00:00","dateModified":"2026-01-01T18:35:46+00:00","breadcrumb":{"@id":"https:\/\/reseau-pole.com\/mentions-legales\/#breadcrumb"},"inLanguage":"fr-FR","potentialAction":[{"@type":"ReadAction","target":["https:\/\/reseau-pole.com\/mentions-legales\/"]}]},{"@type":"BreadcrumbList","@id":"https:\/\/reseau-pole.com\/mentions-legales\/#breadcrumb","itemListElement":[{"@type":"ListItem","position":1,"name":"Accueil","item":"https:\/\/reseau-pole.com\/"},{"@type":"ListItem","position":2,"name":"Mentions l\u00e9gales"}]},{"@type":"WebSite","@id":"https:\/\/reseau-pole.com\/#website","url":"https:\/\/reseau-pole.com\/","name":"R\u00e9seau POLE","description":"Transport de fret palettis\u00e9","potentialAction":[{"@type":"SearchAction","target":{"@type":"EntryPoint","urlTemplate":"https:\/\/reseau-pole.com\/?s={search_term_string}"},"query-input":{"@type":"PropertyValueSpecification","valueRequired":true,"valueName":"search_term_string"}}],"inLanguage":"fr-FR"}]}},"_links":{"self":[{"href":"https:\/\/reseau-pole.com\/wp-json\/wp\/v2\/pages\/13497","targetHints":{"allow":["GET"]}}],"collection":[{"href":"https:\/\/reseau-pole.com\/wp-json\/wp\/v2\/pages"}],"about":[{"href":"https:\/\/reseau-pole.com\/wp-json\/wp\/v2\/types\/page"}],"author":[{"embeddable":true,"href":"https:\/\/reseau-pole.com\/wp-json\/wp\/v2\/users\/4"}],"replies":[{"embeddable":true,"href":"https:\/\/reseau-pole.com\/wp-json\/wp\/v2\/comments?post=13497"}],"version-history":[{"count":0,"href":"https:\/\/reseau-pole.com\/wp-json\/wp\/v2\/pages\/13497\/revisions"}],"wp:attachment":[{"href":"https:\/\/reseau-pole.com\/wp-json\/wp\/v2\/media?parent=13497"}],"curies":[{"name":"wp","href":"https:\/\/api.w.org\/{rel}","templated":true}]}}